{"id":21272,"date":"2025-06-26T07:48:31","date_gmt":"2025-06-26T05:48:31","guid":{"rendered":"https:\/\/stage.giovaniperlapace.it\/home\/"},"modified":"2025-09-29T01:15:46","modified_gmt":"2025-09-28T23:15:46","slug":"home","status":"publish","type":"page","link":"https:\/\/stage.giovaniperlapace.it\/fr\/","title":{"rendered":"Home"},"content":{"rendered":"\t\t<div data-elementor-type=\"wp-page\" data-elementor-id=\"21272\" class=\"elementor elementor-21272 elementor-19216\" data-elementor-post-type=\"page\">\n\t\t\t\t\t\t<section class=\"elementor-section elementor-top-section elementor-element elementor-element-29e0bcce elementor-section-content-middle elementor-section-full_width elementor-section-height-default elementor-section-height-default\" data-id=\"29e0bcce\" data-element_type=\"section\">\n\t\t\t\t\t\t<div class=\"elementor-container elementor-column-gap-default\">\n\t\t\t\t\t<div class=\"elementor-column elementor-col-100 elementor-top-column elementor-element elementor-element-695c8520\" data-id=\"695c8520\" data-element_type=\"column\">\n\t\t\t<div class=\"elementor-widget-wrap elementor-element-populated\">\n\t\t\t\t\t\t<div class=\"elementor-element elementor-element-1c8cffd5 elementor-widget elementor-widget-slider_revolution\" data-id=\"1c8cffd5\" data-element_type=\"widget\" data-widget_type=\"slider_revolution.default\">\n\t\t\t\t<div class=\"elementor-widget-container\">\n\t\t\t\t\t\n\t\t<div class=\"wp-block-themepunch-revslider\">\n\t\t\t\t<p class=\"rs-p-wp-fix\"><\/p>\n\t\t\t\t<sr7-module data-alias=\"testimonial\" data-id=\"68\" id=\"SR7_68_1\" class=\"rs-ov-hidden\" data-version=\"6.7.29\">\n\t\t\t\t\t<sr7-adjuster><\/sr7-adjuster>\n\t\t\t\t\t<sr7-content>\n\t\t\t\t\t\t<sr7-carousel>\n\t\t\t\t\t\t<sr7-slide id=\"SR7_68_1-49\" data-key=\"49\">\n\t\t\t\t\t\t\t<sr7-bg id=\"SR7_68_1-49-16\" class=\"sr7-layer\"><noscript><img decoding=\"async\" src=\"https:\/\/stage.giovaniperlapace.it\/wp-content\/uploads\/2025\/09\/PHOTO-2025-08-30-12-17-02-1.jpg\" alt=\"\" title=\"\"><\/noscript><\/sr7-bg>\n\t\t\t\t\t\t\t<h1 id=\"SR7_68_1-49-1\" class=\"sr7-layer\">GLOBAL FRIENDSHIP 2025<\/h1>\n\t\t\t\t\t\t\t<h3 id=\"SR7_68_1-49-2\" class=\"sr7-layer\">ROMA<\/h3>\n\t\t\t\t\t\t\t<p id=\"SR7_68_1-49-14\" class=\"sr7-layer\">\"C'\u00e8 sempre un'altra via\". Il Global Friendship 2025 ci ha dato speranza che l'amicizia sia capace di costruire ponti di pace. <\/p>\n\t\t\t\t\t\t<\/sr7-slide>\n\t\t\t\t\t\t<sr7-slide id=\"SR7_68_1-47\" data-key=\"47\">\n\t\t\t\t\t\t\t<sr7-bg id=\"SR7_68_1-47-9\" class=\"sr7-layer\"><noscript><img decoding=\"async\" src=\"https:\/\/stage.giovaniperlapace.it\/wp-content\/uploads\/2025\/06\/image.jpg\" alt=\"\" title=\"Corridoi-umanitari\"><\/noscript><\/sr7-bg>\n\t\t\t\t\t\t\t<h1 id=\"SR7_68_1-47-1\" class=\"sr7-layer\">CORRIDOI UMANITARI\n<\/h1>\n\t\t\t\t\t\t\t<h3 id=\"SR7_68_1-47-2\" class=\"sr7-layer\">MONDO<\/h3>\n\t\t\t\t\t\t\t<p id=\"SR7_68_1-47-3\" class=\"sr7-layer\">Salvare vite in un mondo di conflitti e guerre significa iniziare a costruire la pace. L'accoglienza e l'integrazione sono possibili, sono la via per un futuro migliore da vivere insieme.<\/p>\n\t\t\t\t\t\t<\/sr7-slide>\n\t\t\t\t\t\t<sr7-slide id=\"SR7_68_1-48\" data-key=\"48\">\n\t\t\t\t\t\t\t<sr7-bg id=\"SR7_68_1-48-12\" class=\"sr7-layer\"><noscript><img decoding=\"async\" src=\"https:\/\/stage.giovaniperlapace.it\/wp-content\/uploads\/2025\/09\/Scuola-della-Pace.jpeg\" alt=\"\" title=\"Scuola-della-Pace\"><\/noscript><\/sr7-bg>\n\t\t\t\t\t\t\t<h1 id=\"SR7_68_1-48-1\" class=\"sr7-layer\">SCUOLA DELLA PACE<\/h1>\n\t\t\t\t\t\t\t<h3 id=\"SR7_68_1-48-2\" class=\"sr7-layer\">ROMA<\/h3>\n\t\t\t\t\t\t\t<p id=\"SR7_68_1-48-3\" class=\"sr7-layer\">Il libro \"Facciamo pace?!\", le voci dei bambini contro la guerra presentato in tanti quartieri della Capitale. Ripartire dai bambini per costruire insieme un mondo di pace, perch\u00e9 con la guerra non c'\u00e8 futuro.<\/p>\n\t\t\t\t\t\t<\/sr7-slide>\n\t\t\t\t\t\t<sr7-slide id=\"SR7_68_1-50\" data-key=\"50\">\n\t\t\t\t\t\t\t<sr7-bg id=\"SR7_68_1-50-13\" class=\"sr7-layer\"><noscript><img decoding=\"async\" src=\"https:\/\/stage.giovaniperlapace.it\/wp-content\/uploads\/2025\/09\/Koufinou-Limnes1.jpg\" alt=\"Scuola-della-pace-Koufinou\" title=\"Scuola-della-pace-Koufinou\"><\/noscript><\/sr7-bg>\n\t\t\t\t\t\t\t<h1 id=\"SR7_68_1-50-1\" class=\"sr7-layer\">LE VACANZE SOLIDALI<\/h1>\n\t\t\t\t\t\t\t<h3 id=\"SR7_68_1-50-2\" class=\"sr7-layer\">Editoriale<\/h3>\n\t\t\t\t\t\t\t<p id=\"SR7_68_1-50-3\" class=\"sr7-layer\">Moltissimi giovani si sono recati nei campi profughi di Cipro e Atene. Queste esperienze insegnano che, anche se siamo giovane, \u00e8 sempre possibile dare il nostro contributo per la pace.<\/p>\n\t\t\t\t\t\t<\/sr7-slide>\n\t\t\t\t\t\t<sr7-slide id=\"SR7_68_1-57\" data-key=\"57\">\n\t\t\t\t\t\t<\/sr7-slide>\n\t\t\t\t\t\t<sr7-slide id=\"SR7_68_1-53\" data-key=\"53\">\n\t\t\t\t\t\t<\/sr7-slide>\n\t\t\t\t\t\t<\/sr7-carousel>\n\t\t\t\t\t<\/sr7-content>\n\t\t\t\t\t<image_lists style=\"display:none\">\n\t\t\t\t\t\t<img data-src=\"\/\/stage.giovaniperlapace.it\/wp-content\/uploads\/2025\/06\/image.jpg\" data-libid=\"22180\" data-lib=\"medialibrary\" title=\"Corridoi-umanitari\" width=\"0\" height=\"0\" data-dbsrc=\"Ly9zdGFnZS5naW92YW5pcGVybGFwYWNlLml0L3dwLWNvbnRlbnQvdXBsb2Fkcy8yMDI1LzA2L2ltYWdlLmpwZw==\"\/>\n\t\t\t\t\t\t<img data-src=\"\/\/stage.giovaniperlapace.it\/wp-content\/uploads\/2025\/09\/Scuola-della-Pace.jpeg\" data-libid=\"25384\" data-lib=\"medialibrary\" title=\"Scuola-della-Pace\" width=\"0\" height=\"0\" data-dbsrc=\"Ly9zdGFnZS5naW92YW5pcGVybGFwYWNlLml0L3dwLWNvbnRlbnQvdXBsb2Fkcy8yMDI1LzA5L1NjdW9sYS1kZWxsYS1QYWNlLmpwZWc=\"\/>\n\t\t\t\t\t\t<img data-src=\"\/\/stage.giovaniperlapace.it\/wp-content\/uploads\/2025\/09\/PHOTO-2025-08-30-12-17-02-1.jpg\" data-libid=\"22724\" data-lib=\"medialibrary\" width=\"0\" height=\"0\" data-dbsrc=\"Ly9zdGFnZS5naW92YW5pcGVybGFwYWNlLml0L3dwLWNvbnRlbnQvdXBsb2Fkcy8yMDI1LzA5L1BIT1RPLTIwMjUtMDgtMzAtMTItMTctMDItMS5qcGc=\"\/>\n\t\t\t\t\t\t<img loading=\"lazy\" data-src=\"\/\/stage.giovaniperlapace.it\/wp-content\/uploads\/2025\/09\/Koufinou-Limnes1.jpg\" data-libid=\"22884\" alt=\"Scuola-della-pace-Koufinou\" title=\"Scuola-della-pace-Koufinou\" width=\"0\" height=\"0\" data-dbsrc=\"Ly9zdGFnZS5naW92YW5pcGVybGFwYWNlLml0L3dwLWNvbnRlbnQvdXBsb2Fkcy8yMDI1LzA5L0tvdWZpbm91LUxpbW5lczEuanBn\"\/>\n\t\t\t\t\t\t<img loading=\"lazy\" data-src=\"\/\/stage.giovaniperlapace.it\/wp-content\/uploads\/2025\/06\/image-150x150.jpg\" data-libid=\"22180\" data-lib=\"medialibrary\" title=\"Corridoi-umanitari\" width=\"0\" height=\"0\" data-dbsrc=\"Ly9zdGFnZS5naW92YW5pcGVybGFwYWNlLml0L3dwLWNvbnRlbnQvdXBsb2Fkcy8yMDI1LzA2L2ltYWdlLTE1MHgxNTAuanBn\"\/>\n\t\t\t\t\t\t<img loading=\"lazy\" data-src=\"\/\/stage.giovaniperlapace.it\/wp-content\/uploads\/2025\/09\/Scuola-della-Pace-150x150.jpeg\" data-libid=\"25384\" data-lib=\"medialibrary\" title=\"Scuola-della-Pace\" width=\"0\" height=\"0\" data-dbsrc=\"Ly9zdGFnZS5naW92YW5pcGVybGFwYWNlLml0L3dwLWNvbnRlbnQvdXBsb2Fkcy8yMDI1LzA5L1NjdW9sYS1kZWxsYS1QYWNlLTE1MHgxNTAuanBlZw==\"\/>\n\t\t\t\t\t\t<img loading=\"lazy\" data-src=\"\/\/stage.giovaniperlapace.it\/wp-content\/uploads\/2025\/09\/PHOTO-2025-08-30-12-17-02-1-150x150.jpg\" data-libid=\"22724\" data-lib=\"medialibrary\" width=\"0\" height=\"0\" data-dbsrc=\"Ly9zdGFnZS5naW92YW5pcGVybGFwYWNlLml0L3dwLWNvbnRlbnQvdXBsb2Fkcy8yMDI1LzA5L1BIT1RPLTIwMjUtMDgtMzAtMTItMTctMDItMS0xNTB4MTUwLmpwZw==\"\/>\n\t\t\t\t\t\t<img loading=\"lazy\" data-src=\"\/\/stage.giovaniperlapace.it\/wp-content\/uploads\/2025\/09\/Koufinou-Limnes1-150x150.jpg\" data-libid=\"22884\" data-lib=\"medialibrary\" alt=\"Scuola-della-pace-Koufinou\" title=\"Scuola-della-pace-Koufinou\" width=\"0\" height=\"0\" data-dbsrc=\"Ly9zdGFnZS5naW92YW5pcGVybGFwYWNlLml0L3dwLWNvbnRlbnQvdXBsb2Fkcy8yMDI1LzA5L0tvdWZpbm91LUxpbW5lczEtMTUweDE1MC5qcGc=\"\/>\n\t\t\t\t\t<\/image_lists>\n\t\t\t\t<\/sr7-module>\n\t\t\t\t<script>\n\t\t\t\t\tSR7.PMH ??={}; SR7.PMH[\"SR7_68_1\"] = {cn:100,state:false,fn: function() { if (_tpt!==undefined && _tpt.prepareModuleHeight !== undefined) {  _tpt.prepareModuleHeight({id:\"SR7_68_1\",el:[850,850,700,600,500],type:'carousel',shdw:'8',gh:[850,850,700,600,500],gw:[1200,1200,1024,778,480],vpt:['-100px&#039;,&#039;-100px&#039;,&#039;-100px&#039;,&#039;-100px&#039;,&#039;-100px'],size:{fullWidth:true, fullHeight:false},mh:'0',onh:0,onw:0,bg:{color:'{\"type\":\"solid\",\"orig\":\"#ffffff\",\"string\":\"rgba(255, 255, 255, 1)\"}'},carousel:{pt:'0',pb:'0'},plType:'-1',plColor:'#FFFFFF'});   SR7.PMH[\"SR7_68_1\"].state=true;} else if(SR7.PMH[\"SR7_68_1\"].cn-->0)\tsetTimeout( SR7.PMH[\"SR7_68_1\"].fn,19);}};SR7.PMH[\"SR7_68_1\" ].fn();\n\t\t\t\t<\/script>\n<\/div>\n\n\t\t\t\t\t\t<\/div>\n\t\t\t\t<\/div>\n\t\t\t\t<div class=\"elementor-element elementor-element-7f29e844 elementor-widget elementor-widget-heading\" data-id=\"7f29e844\" data-element_type=\"widget\" data-widget_type=\"heading.default\">\n\t\t\t\t<div class=\"elementor-widget-container\">\n\t\t\t\t\t<p class=\"elementor-heading-title elementor-size-default\">Noi Giovani per la Pace siamo concretamente impegnati a migliorare la nostra societ\u00e0, diffondendo una cultura della pace e della solidariet\u00e0.<\/p>\t\t\t\t<\/div>\n\t\t\t\t<\/div>\n\t\t\t\t\t<\/div>\n\t\t<\/div>\n\t\t\t\t\t<\/div>\n\t\t<\/section>\n\t\t\t\t<section class=\"elementor-section elementor-top-section elementor-element elementor-element-1e60bff6 elementor-section-stretched elementor-section-boxed elementor-section-height-default elementor-section-height-default\" data-id=\"1e60bff6\" data-element_type=\"section\" data-settings=\"{&quot;stretch_section&quot;:&quot;section-stretched&quot;,&quot;background_background&quot;:&quot;classic&quot;}\">\n\t\t\t\t\t\t\t<div class=\"elementor-background-overlay\"><\/div>\n\t\t\t\t\t\t\t<div class=\"elementor-container elementor-column-gap-default\">\n\t\t\t\t\t<div class=\"elementor-column elementor-col-100 elementor-top-column elementor-element elementor-element-6184380e\" data-id=\"6184380e\" data-element_type=\"column\">\n\t\t\t<div class=\"elementor-widget-wrap elementor-element-populated\">\n\t\t\t\t\t\t<div class=\"elementor-element elementor-element-163cda85 elementor-widget elementor-widget-heading\" data-id=\"163cda85\" data-element_type=\"widget\" data-widget_type=\"heading.default\">\n\t\t\t\t<div class=\"elementor-widget-container\">\n\t\t\t\t\t<h2 class=\"elementor-heading-title elementor-size-default\">Tutto \u00e8 possibile, tutto pu\u00f2 cambiare<\/h2>\t\t\t\t<\/div>\n\t\t\t\t<\/div>\n\t\t\t\t<div class=\"elementor-element elementor-element-914a763 elementor-widget elementor-widget-heading\" data-id=\"914a763\" data-element_type=\"widget\" data-widget_type=\"heading.default\">\n\t\t\t\t<div class=\"elementor-widget-container\">\n\t\t\t\t\t<p class=\"elementor-heading-title elementor-size-default\">Nessuno di noi \u00e8 troppo giovane per non poter fare la differenza. <br>Insieme \u00e8 possibile costruire un mondo di pace.<\/p>\t\t\t\t<\/div>\n\t\t\t\t<\/div>\n\t\t\t\t<div class=\"elementor-element elementor-element-4e72ddf5 elementor-align-center elementor-widget elementor-widget-button\" data-id=\"4e72ddf5\" data-element_type=\"widget\" data-widget_type=\"button.default\">\n\t\t\t\t<div class=\"elementor-widget-container\">\n\t\t\t\t\t\t\t\t\t<div class=\"elementor-button-wrapper\">\n\t\t\t\t\t<a class=\"elementor-button elementor-button-link elementor-size-md elementor-animation-shrink\" href=\"https:\/\/www.instagram.com\/gxp_italia\">\n\t\t\t\t\t\t<span class=\"elementor-button-content-wrapper\">\n\t\t\t\t\t\t\t\t\t<span class=\"elementor-button-text\">VIENI ANCHE TU!<\/span>\n\t\t\t\t\t<\/span>\n\t\t\t\t\t<\/a>\n\t\t\t\t<\/div>\n\t\t\t\t\t\t\t\t<\/div>\n\t\t\t\t<\/div>\n\t\t\t\t\t<\/div>\n\t\t<\/div>\n\t\t\t\t\t<\/div>\n\t\t<\/section>\n\t\t\t\t<section class=\"elementor-section elementor-top-section elementor-element elementor-element-11910fa0 elementor-section-full_width elementor-section-content-middle elementor-section-height-default elementor-section-height-default\" data-id=\"11910fa0\" data-element_type=\"section\">\n\t\t\t\t\t\t<div class=\"elementor-container elementor-column-gap-default\">\n\t\t\t\t\t<div class=\"elementor-column elementor-col-33 elementor-top-column elementor-element elementor-element-67cb807\" data-id=\"67cb807\" data-element_type=\"column\">\n\t\t\t<div class=\"elementor-widget-wrap elementor-element-populated\">\n\t\t\t\t\t\t<div class=\"elementor-element elementor-element-b96ac7b elementor-widget__width-initial elementor-widget elementor-widget-heading\" data-id=\"b96ac7b\" data-element_type=\"widget\" data-widget_type=\"heading.default\">\n\t\t\t\t<div class=\"elementor-widget-container\">\n\t\t\t\t\t<h2 class=\"elementor-heading-title elementor-size-default\">Un giovane per la pace di goma - rdc che ha scelto di difendere i pi\u00f9 deboli<\/h2>\t\t\t\t<\/div>\n\t\t\t\t<\/div>\n\t\t\t\t\t<\/div>\n\t\t<\/div>\n\t\t\t\t<div class=\"elementor-column elementor-col-33 elementor-top-column elementor-element elementor-element-c245433\" data-id=\"c245433\" data-element_type=\"column\" data-settings=\"{&quot;background_background&quot;:&quot;classic&quot;}\">\n\t\t\t<div class=\"elementor-widget-wrap elementor-element-populated\">\n\t\t\t\t\t<div class=\"elementor-background-overlay\"><\/div>\n\t\t\t\t\t\t<div class=\"elementor-element elementor-element-6e78a69a elementor-widget elementor-widget-heading\" data-id=\"6e78a69a\" data-element_type=\"widget\" data-widget_type=\"heading.default\">\n\t\t\t\t<div class=\"elementor-widget-container\">\n\t\t\t\t\t<h4 class=\"elementor-heading-title elementor-size-default\"><a href=\"https:\/\/open.spotify.com\/show\/38MnaLcQmbaWcaQ3CWY1Ox?si=HKyssJveQiqZwUK6BibP8w&#038;nd=1&#038;dlsi=cdedb37ba8aa41ff\">Scopri di pi\u00f9 su Floribert \n<\/a><\/h4>\t\t\t\t<\/div>\n\t\t\t\t<\/div>\n\t\t\t\t<div class=\"elementor-element elementor-element-44ede692 elementor-widget__width-initial elementor-widget elementor-widget-heading\" data-id=\"44ede692\" data-element_type=\"widget\" data-widget_type=\"heading.default\">\n\t\t\t\t<div class=\"elementor-widget-container\">\n\t\t\t\t\t<h6 class=\"elementor-heading-title elementor-size-default\"><a href=\"https:\/\/open.spotify.com\/show\/38MnaLcQmbaWcaQ3CWY1Ox?si=HKyssJveQiqZwUK6BibP8w&#038;nd=1&#038;dlsi=cdedb37ba8aa41ff\">Ascolta<br>il podcast<\/a><\/h6>\t\t\t\t<\/div>\n\t\t\t\t<\/div>\n\t\t\t\t\t<\/div>\n\t\t<\/div>\n\t\t\t\t<div class=\"elementor-column elementor-col-33 elementor-top-column elementor-element elementor-element-4defb448\" data-id=\"4defb448\" data-element_type=\"column\" data-settings=\"{&quot;background_background&quot;:&quot;classic&quot;}\">\n\t\t\t<div class=\"elementor-widget-wrap elementor-element-populated\">\n\t\t\t\t\t<div class=\"elementor-background-overlay\"><\/div>\n\t\t\t\t\t\t<div class=\"elementor-element elementor-element-54c0fb83 elementor-widget elementor-widget-heading\" data-id=\"54c0fb83\" data-element_type=\"widget\" data-widget_type=\"heading.default\">\n\t\t\t\t<div class=\"elementor-widget-container\">\n\t\t\t\t\t<h4 class=\"elementor-heading-title elementor-size-default\">La scuola di Floribert<\/h4>\t\t\t\t<\/div>\n\t\t\t\t<\/div>\n\t\t\t\t<div class=\"elementor-element elementor-element-31182532 elementor-widget__width-initial elementor-widget elementor-widget-heading\" data-id=\"31182532\" data-element_type=\"widget\" data-widget_type=\"heading.default\">\n\t\t\t\t<div class=\"elementor-widget-container\">\n\t\t\t\t\t<h6 class=\"elementor-heading-title elementor-size-default\"><a href=\"https:\/\/open.spotify.com\/episode\/2wyXVhj8mQZcTKd2hZ61ts\">Vuoi saperne di pi\u00f9? \nAscolta l'episodio del podcast     <\/a><\/h6>\t\t\t\t<\/div>\n\t\t\t\t<\/div>\n\t\t\t\t\t<\/div>\n\t\t<\/div>\n\t\t\t\t\t<\/div>\n\t\t<\/section>\n\t\t\t\t<section class=\"elementor-section elementor-top-section elementor-element elementor-element-7db16387 elementor-section-boxed elementor-section-height-default elementor-section-height-default\" data-id=\"7db16387\" data-element_type=\"section\">\n\t\t\t\t\t\t<div class=\"elementor-container elementor-column-gap-default\">\n\t\t\t\t\t<div class=\"elementor-column elementor-col-50 elementor-top-column elementor-element elementor-element-41a52dad\" data-id=\"41a52dad\" data-element_type=\"column\">\n\t\t\t<div class=\"elementor-widget-wrap elementor-element-populated\">\n\t\t\t\t\t\t<section class=\"elementor-section elementor-inner-section elementor-element elementor-element-4526ec4d elementor-section-height-min-height elementor-section-boxed elementor-section-height-default\" data-id=\"4526ec4d\" data-element_type=\"section\">\n\t\t\t\t\t\t<div class=\"elementor-container elementor-column-gap-default\">\n\t\t\t\t\t<div class=\"elementor-column elementor-col-50 elementor-inner-column elementor-element elementor-element-72127e8e\" data-id=\"72127e8e\" data-element_type=\"column\">\n\t\t\t<div class=\"elementor-widget-wrap elementor-element-populated\">\n\t\t\t\t\t\t\t<\/div>\n\t\t<\/div>\n\t\t\t\t<div class=\"elementor-column elementor-col-50 elementor-inner-column elementor-element elementor-element-68aad6e8\" data-id=\"68aad6e8\" data-element_type=\"column\">\n\t\t\t<div class=\"elementor-widget-wrap elementor-element-populated\">\n\t\t\t\t\t\t<div class=\"elementor-element elementor-element-77752a75 elementor-widget elementor-widget-heading\" data-id=\"77752a75\" data-element_type=\"widget\" data-widget_type=\"heading.default\">\n\t\t\t\t<div class=\"elementor-widget-container\">\n\t\t\t\t\t<p class=\"elementor-heading-title elementor-size-default\">Portando la gioia e l\u2019allegria agli anziani, ricerivamo da loro affetto, amicizia e senso della vita, in quella che \u00e8 una vera e propria  di umanit\u00e0.<\/p>\t\t\t\t<\/div>\n\t\t\t\t<\/div>\n\t\t\t\t<div class=\"elementor-element elementor-element-6ee1e4c elementor-widget elementor-widget-heading\" data-id=\"6ee1e4c\" data-element_type=\"widget\" data-widget_type=\"heading.default\">\n\t\t\t\t<div class=\"elementor-widget-container\">\n\t\t\t\t\t<h6 class=\"elementor-heading-title elementor-size-default\"><a href=\"#\">PER SAPERNE DI PI\u00d9<\/a><\/h6>\t\t\t\t<\/div>\n\t\t\t\t<\/div>\n\t\t\t\t\t<\/div>\n\t\t<\/div>\n\t\t\t\t\t<\/div>\n\t\t<\/section>\n\t\t\t\t<section class=\"elementor-section elementor-inner-section elementor-element elementor-element-b81f76a elementor-section-boxed elementor-section-height-default elementor-section-height-default\" data-id=\"b81f76a\" data-element_type=\"section\">\n\t\t\t\t\t\t<div class=\"elementor-container elementor-column-gap-default\">\n\t\t\t\t\t<div class=\"elementor-column elementor-col-50 elementor-inner-column elementor-element elementor-element-f1d0b48\" data-id=\"f1d0b48\" data-element_type=\"column\">\n\t\t\t<div class=\"elementor-widget-wrap elementor-element-populated\">\n\t\t\t\t\t\t\t<\/div>\n\t\t<\/div>\n\t\t\t\t<div class=\"elementor-column elementor-col-50 elementor-inner-column elementor-element elementor-element-b41283e\" data-id=\"b41283e\" data-element_type=\"column\">\n\t\t\t<div class=\"elementor-widget-wrap elementor-element-populated\">\n\t\t\t\t\t\t<div class=\"elementor-element elementor-element-37ca846 elementor-widget elementor-widget-heading\" data-id=\"37ca846\" data-element_type=\"widget\" data-widget_type=\"heading.default\">\n\t\t\t\t<div class=\"elementor-widget-container\">\n\t\t\t\t\t<p class=\"elementor-heading-title elementor-size-default\">L\u2019eco-lab di pace \u00e8 un luogo dove noi giovani ci incontriamo per fare del bene non solo al nostro prossimo, ma anche all\u2019ambiente.<\/p>\t\t\t\t<\/div>\n\t\t\t\t<\/div>\n\t\t\t\t<div class=\"elementor-element elementor-element-3d33717 elementor-widget elementor-widget-heading\" data-id=\"3d33717\" data-element_type=\"widget\" data-widget_type=\"heading.default\">\n\t\t\t\t<div class=\"elementor-widget-container\">\n\t\t\t\t\t<h6 class=\"elementor-heading-title elementor-size-default\">PER SAPERNE DI PI\u00d9<\/h6>\t\t\t\t<\/div>\n\t\t\t\t<\/div>\n\t\t\t\t\t<\/div>\n\t\t<\/div>\n\t\t\t\t\t<\/div>\n\t\t<\/section>\n\t\t\t\t\t<\/div>\n\t\t<\/div>\n\t\t\t\t<div class=\"elementor-column elementor-col-50 elementor-top-column elementor-element elementor-element-209964f8\" data-id=\"209964f8\" data-element_type=\"column\">\n\t\t\t<div class=\"elementor-widget-wrap elementor-element-populated\">\n\t\t\t\t\t\t<section class=\"elementor-section elementor-inner-section elementor-element elementor-element-4ab1d91 elementor-section-boxed elementor-section-height-default elementor-section-height-default\" data-id=\"4ab1d91\" data-element_type=\"section\">\n\t\t\t\t\t\t<div class=\"elementor-container elementor-column-gap-default\">\n\t\t\t\t\t<div class=\"elementor-column elementor-col-50 elementor-inner-column elementor-element elementor-element-b7936d5\" data-id=\"b7936d5\" data-element_type=\"column\">\n\t\t\t<div class=\"elementor-widget-wrap elementor-element-populated\">\n\t\t\t\t\t\t\t<\/div>\n\t\t<\/div>\n\t\t\t\t<div class=\"elementor-column elementor-col-50 elementor-inner-column elementor-element elementor-element-c5683d9\" data-id=\"c5683d9\" data-element_type=\"column\">\n\t\t\t<div class=\"elementor-widget-wrap elementor-element-populated\">\n\t\t\t\t\t\t<div class=\"elementor-element elementor-element-bf70598 elementor-widget elementor-widget-heading\" data-id=\"bf70598\" data-element_type=\"widget\" data-widget_type=\"heading.default\">\n\t\t\t\t<div class=\"elementor-widget-container\">\n\t\t\t\t\t<p class=\"elementor-heading-title elementor-size-default\">Alla scuola della pace si fa merenda insieme, si gioca e si fanno i compiti, si parla e si imparano cose nuove. I bambini sono educati alla pace, imparano il valore della solidariet\u00e0 e del rispetto verso l\u2019altro.<\/p>\t\t\t\t<\/div>\n\t\t\t\t<\/div>\n\t\t\t\t<div class=\"elementor-element elementor-element-06ada87 elementor-widget elementor-widget-heading\" data-id=\"06ada87\" data-element_type=\"widget\" data-widget_type=\"heading.default\">\n\t\t\t\t<div class=\"elementor-widget-container\">\n\t\t\t\t\t<h6 class=\"elementor-heading-title elementor-size-default\"><a href=\"#\">PER SAPERNE DI PI\u00d9<\/a><\/h6>\t\t\t\t<\/div>\n\t\t\t\t<\/div>\n\t\t\t\t\t<\/div>\n\t\t<\/div>\n\t\t\t\t\t<\/div>\n\t\t<\/section>\n\t\t\t\t<section class=\"elementor-section elementor-inner-section elementor-element elementor-element-4d80e49 elementor-section-boxed elementor-section-height-default elementor-section-height-default\" data-id=\"4d80e49\" data-element_type=\"section\">\n\t\t\t\t\t\t<div class=\"elementor-container elementor-column-gap-default\">\n\t\t\t\t\t<div class=\"elementor-column elementor-col-50 elementor-inner-column elementor-element elementor-element-ac24fb5\" data-id=\"ac24fb5\" data-element_type=\"column\">\n\t\t\t<div class=\"elementor-widget-wrap elementor-element-populated\">\n\t\t\t\t\t\t\t<\/div>\n\t\t<\/div>\n\t\t\t\t<div class=\"elementor-column elementor-col-50 elementor-inner-column elementor-element elementor-element-c61b6b1\" data-id=\"c61b6b1\" data-element_type=\"column\">\n\t\t\t<div class=\"elementor-widget-wrap elementor-element-populated\">\n\t\t\t\t\t\t<div class=\"elementor-element elementor-element-89bbe95 elementor-widget elementor-widget-heading\" data-id=\"89bbe95\" data-element_type=\"widget\" data-widget_type=\"heading.default\">\n\t\t\t\t<div class=\"elementor-widget-container\">\n\t\t\t\t\t<p class=\"elementor-heading-title elementor-size-default\">Incontriamo i senza fissa dimora, portando loro un pasto caldo, una coperta, ma soprattutto la nostra amicizia, per contrastare la solitudine e contrastare l\u2019indifferenza.<\/p>\t\t\t\t<\/div>\n\t\t\t\t<\/div>\n\t\t\t\t<div class=\"elementor-element elementor-element-0b27ad7 elementor-widget elementor-widget-heading\" data-id=\"0b27ad7\" data-element_type=\"widget\" data-widget_type=\"heading.default\">\n\t\t\t\t<div class=\"elementor-widget-container\">\n\t\t\t\t\t<h6 class=\"elementor-heading-title elementor-size-default\"><a href=\"#\">PER SAPERNE DI PI\u00d9<\/a><\/h6>\t\t\t\t<\/div>\n\t\t\t\t<\/div>\n\t\t\t\t\t<\/div>\n\t\t<\/div>\n\t\t\t\t\t<\/div>\n\t\t<\/section>\n\t\t\t\t\t<\/div>\n\t\t<\/div>\n\t\t\t\t\t<\/div>\n\t\t<\/section>\n\t\t\t\t<section class=\"elementor-section elementor-top-section elementor-element elementor-element-3fb601d5 elementor-section-boxed elementor-section-height-default elementor-section-height-default\" data-id=\"3fb601d5\" data-element_type=\"section\">\n\t\t\t\t\t\t<div class=\"elementor-container elementor-column-gap-default\">\n\t\t\t\t\t<div class=\"elementor-column elementor-col-100 elementor-top-column elementor-element elementor-element-2ada1989\" data-id=\"2ada1989\" data-element_type=\"column\">\n\t\t\t<div class=\"elementor-widget-wrap\">\n\t\t\t\t\t\t\t<\/div>\n\t\t<\/div>\n\t\t\t\t\t<\/div>\n\t\t<\/section>\n\t\t\t\t<\/div>\n\t\t","protected":false},"excerpt":{"rendered":"<p>Noi Giovani per la Pace siamo concretamente impegnati a migliorare la nostra societ\u00e0, diffondendo una cultura della pace e della solidariet\u00e0. Tutto \u00e8 possibile, tutto pu\u00f2 cambiare Nessuno di noi [&hellip;]<\/p>\n","protected":false},"author":4,"featured_media":0,"parent":0,"menu_order":0,"comment_status":"closed","ping_status":"closed","template":"","meta":{"give_campaign_id":0,"footnotes":""},"class_list":["post-21272","page","type-page","status-publish","hentry"],"campaignId":"","_links":{"self":[{"href":"https:\/\/stage.giovaniperlapace.it\/fr\/wp-json\/wp\/v2\/pages\/21272","targetHints":{"allow":["GET"]}}],"collection":[{"href":"https:\/\/stage.giovaniperlapace.it\/fr\/wp-json\/wp\/v2\/pages"}],"about":[{"href":"https:\/\/stage.giovaniperlapace.it\/fr\/wp-json\/wp\/v2\/types\/page"}],"author":[{"embeddable":true,"href":"https:\/\/stage.giovaniperlapace.it\/fr\/wp-json\/wp\/v2\/users\/4"}],"replies":[{"embeddable":true,"href":"https:\/\/stage.giovaniperlapace.it\/fr\/wp-json\/wp\/v2\/comments?post=21272"}],"version-history":[{"count":126,"href":"https:\/\/stage.giovaniperlapace.it\/fr\/wp-json\/wp\/v2\/pages\/21272\/revisions"}],"predecessor-version":[{"id":26068,"href":"https:\/\/stage.giovaniperlapace.it\/fr\/wp-json\/wp\/v2\/pages\/21272\/revisions\/26068"}],"wp:attachment":[{"href":"https:\/\/stage.giovaniperlapace.it\/fr\/wp-json\/wp\/v2\/media?parent=21272"}],"curies":[{"name":"wp","href":"https:\/\/api.w.org\/{rel}","templated":true}]}}